{"id":77,"date":"2025-08-25T22:19:44","date_gmt":"2025-08-25T20:19:44","guid":{"rendered":"https:\/\/www2.skiclubvallouron.com\/?page_id=77"},"modified":"2025-08-29T20:07:07","modified_gmt":"2025-08-29T18:07:07","slug":"115-2","status":"publish","type":"page","link":"https:\/\/www.skiclubvallouron.com\/?page_id=77","title":{"rendered":"Cadets &#8211; Seniors [U18]"},"content":{"rendered":"<div class=\"shortcode1-2\"><div class='gdl-image-frame shortcode-image-' style='max-width: 100%; float: ; width: 440px; height: 170px; '><a href='https:\/\/www.skiclubvallouron.com\/wp-content\/uploads\/2025\/08\/09.jpg' data-rel='prettyPhoto'  title='' ><img src='https:\/\/www.skiclubvallouron.com\/wp-content\/uploads\/2025\/08\/09.jpg' style='width:440px; height:170px;' alt='' \/><\/a><\/div>\n<\/div>\n\n\n\n<p><div class=\"shortcode-dropcap \" style=\"color:#555555; background-color:;\">U<\/div>ne pr\u00e9sence r\u00e9guli\u00e8re aux cours et aux courses de secteur est indispensable. Les jeunes peuvent commencer leur formation de brevet d&rsquo;\u00e9tat de ski. Les jeunes peuvent aussi prendre une licence FIS pour participer \u00e0 plus de comp\u00e9titions. <div class=\"shortcode-block-quote-center\" style=\"color:#999999\">A ce niveau, le ski club entend d\u00e9velopper l'esprit de comp\u00e9tition. <\/div><\/p>\n","protected":false},"excerpt":{"rendered":"<p>ne pr\u00e9sence r\u00e9guli\u00e8re aux cours et aux courses de secteur est indispensable. Les jeunes peuvent commencer leur formation de brevet d&rsquo;\u00e9tat de ski. Les jeunes peuvent aussi prendre une licence FIS pour participer \u00e0 plus de comp\u00e9titions.<\/p>\n","protected":false},"author":1,"featured_media":0,"parent":0,"menu_order":0,"comment_status":"closed","ping_status":"closed","template":"","meta":{"footnotes":""},"class_list":["post-77","page","type-page","status-publish","hentry"],"_links":{"self":[{"href":"https:\/\/www.skiclubvallouron.com\/index.php?rest_route=\/wp\/v2\/pages\/77","targetHints":{"allow":["GET"]}}],"collection":[{"href":"https:\/\/www.skiclubvallouron.com\/index.php?rest_route=\/wp\/v2\/pages"}],"about":[{"href":"https:\/\/www.skiclubvallouron.com\/index.php?rest_route=\/wp\/v2\/types\/page"}],"author":[{"embeddable":true,"href":"https:\/\/www.skiclubvallouron.com\/index.php?rest_route=\/wp\/v2\/users\/1"}],"replies":[{"embeddable":true,"href":"https:\/\/www.skiclubvallouron.com\/index.php?rest_route=%2Fwp%2Fv2%2Fcomments&post=77"}],"version-history":[{"count":0,"href":"https:\/\/www.skiclubvallouron.com\/index.php?rest_route=\/wp\/v2\/pages\/77\/revisions"}],"wp:attachment":[{"href":"https:\/\/www.skiclubvallouron.com\/index.php?rest_route=%2Fwp%2Fv2%2Fmedia&parent=77"}],"curies":[{"name":"wp","href":"https:\/\/api.w.org\/{rel}","templated":true}]}}