{"id":75,"date":"2025-08-25T22:19:27","date_gmt":"2025-08-25T20:19:27","guid":{"rendered":"https:\/\/www2.skiclubvallouron.com\/?page_id=75"},"modified":"2025-08-29T20:06:43","modified_gmt":"2025-08-29T18:06:43","slug":"114-2","status":"publish","type":"page","link":"https:\/\/www.skiclubvallouron.com\/?page_id=75","title":{"rendered":"Benjamins &#8211; Minimes [U14 &#8211; U16]"},"content":{"rendered":"<div class=\"shortcode1-2\"><div class='gdl-image-frame shortcode-image-' style='max-width: 100%; float: ; width: 440px; height: 170px; '><a href='https:\/\/www.skiclubvallouron.com\/wp-content\/uploads\/2025\/08\/08.jpg' data-rel='prettyPhoto'  title='' ><img src='https:\/\/www.skiclubvallouron.com\/wp-content\/uploads\/2025\/08\/08.jpg' style='width:440px; height:170px;' alt='' \/><\/a><\/div>\n<\/div>\n\n\n\n<p>A partir de benjamins, une pr\u00e9sence r\u00e9guli\u00e8re aux cours et aux courses de secteur (4, 5 courses) est indispensable.<div class=\"shortcode-block-quote-center\" style=\"color:#999999\">A ce niveau, le ski club entend d\u00e9velopper l'esprit de comp\u00e9tition.<\/div><\/p>\n","protected":false},"excerpt":{"rendered":"<p>A partir de benjamins, une pr\u00e9sence r\u00e9guli\u00e8re aux cours et aux courses de secteur (4, 5 courses) est indispensable.<\/p>\n","protected":false},"author":1,"featured_media":0,"parent":0,"menu_order":0,"comment_status":"closed","ping_status":"closed","template":"","meta":{"footnotes":""},"class_list":["post-75","page","type-page","status-publish","hentry"],"_links":{"self":[{"href":"https:\/\/www.skiclubvallouron.com\/index.php?rest_route=\/wp\/v2\/pages\/75","targetHints":{"allow":["GET"]}}],"collection":[{"href":"https:\/\/www.skiclubvallouron.com\/index.php?rest_route=\/wp\/v2\/pages"}],"about":[{"href":"https:\/\/www.skiclubvallouron.com\/index.php?rest_route=\/wp\/v2\/types\/page"}],"author":[{"embeddable":true,"href":"https:\/\/www.skiclubvallouron.com\/index.php?rest_route=\/wp\/v2\/users\/1"}],"replies":[{"embeddable":true,"href":"https:\/\/www.skiclubvallouron.com\/index.php?rest_route=%2Fwp%2Fv2%2Fcomments&post=75"}],"version-history":[{"count":0,"href":"https:\/\/www.skiclubvallouron.com\/index.php?rest_route=\/wp\/v2\/pages\/75\/revisions"}],"wp:attachment":[{"href":"https:\/\/www.skiclubvallouron.com\/index.php?rest_route=%2Fwp%2Fv2%2Fmedia&parent=75"}],"curies":[{"name":"wp","href":"https:\/\/api.w.org\/{rel}","templated":true}]}}