{"id":65,"date":"2025-08-25T22:16:53","date_gmt":"2025-08-25T20:16:53","guid":{"rendered":"https:\/\/www2.skiclubvallouron.com\/?page_id=65"},"modified":"2025-08-28T22:19:02","modified_gmt":"2025-08-28T20:19:02","slug":"03-2","status":"publish","type":"page","link":"https:\/\/www.skiclubvallouron.com\/?page_id=65","title":{"rendered":"Le bureau"},"content":{"rendered":"\n<p>La composition du Conseil d&rsquo;Administration est la suivante:<br>V\u00e9ronique BONNEAU ROGE (Rebouc), Claire RUSCASSIE (Loudenvielle), Arnaud BAILLET (Avajan), Michel CASTILLON (Loudenvielle), Georges FAUVERNIER (Armenteule et St Gaudens), Marie Eve FORGUE (Izaux), J\u00e9r\u00e9my SALLEY (Armenteule), Claire LETE (Guchen), M\u00e9lanie BREIL (Germ), Alice PLISSON (Loudenvielle), Myriam SOUBIE (Adervielle), Magali PARROU (Capvern et Val Louron), Claire B\u00e9gu\u00e9 ( Loudenvielle), Xavier CARUSO (Saint Gaudens et Azet), St\u00e9phane LEVASSEUR (Adervielle)<\/p>\n","protected":false},"excerpt":{"rendered":"<p>La composition du Conseil d&rsquo;Administration est la suivante:V\u00e9ronique BONNEAU ROGE (Rebouc), Claire RUSCASSIE (Loudenvielle), Arnaud BAILLET (Avajan), Michel CASTILLON (Loudenvielle), Georges FAUVERNIER (Armenteule et St Gaudens), Marie Eve FORGUE (Izaux), J\u00e9r\u00e9my SALLEY (Armenteule), Claire LETE (Guchen), M\u00e9lanie BREIL (Germ), Alice PLISSON (Loudenvielle), Myriam SOUBIE (Adervielle), Magali PARROU (Capvern et Val Louron), Claire B\u00e9gu\u00e9 ( Loudenvielle), Xavier CARUSO (Saint Gaudens et Azet), St\u00e9phane LEVASSEUR (Adervielle)<\/p>\n","protected":false},"author":1,"featured_media":0,"parent":0,"menu_order":0,"comment_status":"closed","ping_status":"closed","template":"","meta":{"footnotes":""},"class_list":["post-65","page","type-page","status-publish","hentry"],"_links":{"self":[{"href":"https:\/\/www.skiclubvallouron.com\/index.php?rest_route=\/wp\/v2\/pages\/65","targetHints":{"allow":["GET"]}}],"collection":[{"href":"https:\/\/www.skiclubvallouron.com\/index.php?rest_route=\/wp\/v2\/pages"}],"about":[{"href":"https:\/\/www.skiclubvallouron.com\/index.php?rest_route=\/wp\/v2\/types\/page"}],"author":[{"embeddable":true,"href":"https:\/\/www.skiclubvallouron.com\/index.php?rest_route=\/wp\/v2\/users\/1"}],"replies":[{"embeddable":true,"href":"https:\/\/www.skiclubvallouron.com\/index.php?rest_route=%2Fwp%2Fv2%2Fcomments&post=65"}],"version-history":[{"count":0,"href":"https:\/\/www.skiclubvallouron.com\/index.php?rest_route=\/wp\/v2\/pages\/65\/revisions"}],"wp:attachment":[{"href":"https:\/\/www.skiclubvallouron.com\/index.php?rest_route=%2Fwp%2Fv2%2Fmedia&parent=65"}],"curies":[{"name":"wp","href":"https:\/\/api.w.org\/{rel}","templated":true}]}}