{"id":61,"date":"2025-08-25T22:16:00","date_gmt":"2025-08-25T20:16:00","guid":{"rendered":"https:\/\/www2.skiclubvallouron.com\/?page_id=61"},"modified":"2025-09-08T15:53:11","modified_gmt":"2025-09-08T13:53:11","slug":"01-2","status":"publish","type":"page","link":"https:\/\/www.skiclubvallouron.com\/?page_id=61","title":{"rendered":"Pr\u00e9-Club"},"content":{"rendered":"<div class=\"shortcode1-2\"><div class='gdl-image-frame shortcode-image-' style='max-width: 100%; float: ; width: 440px; height: 170px; '><a href='https:\/\/www.skiclubvallouron.com\/wp-content\/uploads\/2025\/08\/31.jpg' data-rel='prettyPhoto'  title='' ><img src='https:\/\/www.skiclubvallouron.com\/wp-content\/uploads\/2025\/08\/31.jpg' style='width:440px; height:170px;' alt='' \/><\/a><\/div>\n<\/div>\n\n\n\n<p>INITIATION \u00e0 partir de 4 ans (moyenne section). Tu es d\u00e9butant ou&nbsp; tu as d\u00e9j\u00e0 ski\u00e9 un petit peu avec tes parents \u2026 Tu veux obtenir l\u2019ourson, le flocon ou la 1\u00e8re&nbsp;\u00e9toile en fin de saison et te faire des copains au ski. Tu ne pleures plus si tes parents ne sont pas l\u00e0 et tu es motiv\u00e9. Tu auras 1h30 de cours par semaine ou 2h (8 dimanches hors vacances et 6 samedis pendant les vacances) \u00e0 11h soit 14 s\u00e9ances dans le groupe Initiation.<\/p>\n\n\n\n<p>PERFECTIONNEMENT : Tu as le flocon, la 1\u00e8re \u00e9toile, la 2\u00e8me ou la 3\u00e8me. Tu es au CP(6 ans), CE1(7 ans), CE2(8 ans) mais, sauf cas exceptionnel, ni avant ni apr\u00e8s.. Tu auras cours de 10h30 \u00e0 13h le samedi et\/ou le dimanche. 1 seul cours par semaine le samedi pendant les vacances scolaires toutes zones, 2 cours par week-end hors vacances, soit au total 22 s\u00e9ances dans le groupe Perfectionnement.<\/p>\n","protected":false},"excerpt":{"rendered":"<p>INITIATION \u00e0 partir de 4 ans (moyenne section). Tu es d\u00e9butant ou&nbsp; tu as d\u00e9j\u00e0 ski\u00e9 un petit peu avec tes parents \u2026 Tu veux obtenir l\u2019ourson, le flocon ou la 1\u00e8re&nbsp;\u00e9toile en fin de saison et te faire des copains au ski. Tu ne pleures plus si tes parents ne sont pas l\u00e0 et tu es motiv\u00e9. Tu auras 1h30 de cours par semaine ou 2h (8 dimanches hors vacances et 6 samedis pendant les vacances) \u00e0 11h soit 14 s\u00e9ances dans le groupe Initiation. PERFECTIONNEMENT : Tu as le flocon, la 1\u00e8re \u00e9toile, la 2\u00e8me ou la 3\u00e8me. Tu es au CP(6 ans), CE1(7 ans), CE2(8 ans) mais, sauf cas exceptionnel, ni avant ni apr\u00e8s.. Tu auras cours de 10h30 \u00e0 13h le samedi et\/ou le dimanche. 1 seul cours par semaine le samedi pendant les vacances scolaires toutes zones, 2 cours par week-end hors vacances, soit au total 22 s\u00e9ances dans le groupe Perfectionnement.<\/p>\n","protected":false},"author":1,"featured_media":0,"parent":0,"menu_order":0,"comment_status":"closed","ping_status":"closed","template":"","meta":{"footnotes":""},"class_list":["post-61","page","type-page","status-publish","hentry"],"_links":{"self":[{"href":"https:\/\/www.skiclubvallouron.com\/index.php?rest_route=\/wp\/v2\/pages\/61","targetHints":{"allow":["GET"]}}],"collection":[{"href":"https:\/\/www.skiclubvallouron.com\/index.php?rest_route=\/wp\/v2\/pages"}],"about":[{"href":"https:\/\/www.skiclubvallouron.com\/index.php?rest_route=\/wp\/v2\/types\/page"}],"author":[{"embeddable":true,"href":"https:\/\/www.skiclubvallouron.com\/index.php?rest_route=\/wp\/v2\/users\/1"}],"replies":[{"embeddable":true,"href":"https:\/\/www.skiclubvallouron.com\/index.php?rest_route=%2Fwp%2Fv2%2Fcomments&post=61"}],"version-history":[{"count":1,"href":"https:\/\/www.skiclubvallouron.com\/index.php?rest_route=\/wp\/v2\/pages\/61\/revisions"}],"predecessor-version":[{"id":266,"href":"https:\/\/www.skiclubvallouron.com\/index.php?rest_route=\/wp\/v2\/pages\/61\/revisions\/266"}],"wp:attachment":[{"href":"https:\/\/www.skiclubvallouron.com\/index.php?rest_route=%2Fwp%2Fv2%2Fmedia&parent=61"}],"curies":[{"name":"wp","href":"https:\/\/api.w.org\/{rel}","templated":true}]}}