{"id":40,"date":"2025-08-25T21:59:00","date_gmt":"2025-08-25T19:59:00","guid":{"rendered":"https:\/\/www2.skiclubvallouron.com\/?page_id=40"},"modified":"2025-09-04T19:27:29","modified_gmt":"2025-09-04T17:27:29","slug":"page-08","status":"publish","type":"page","link":"https:\/\/www.skiclubvallouron.com\/?page_id=40","title":{"rendered":"Inscriptions"},"content":{"rendered":"\n<p>Les inscriptions 2025 2026 seront&nbsp;cl\u00f4tur\u00e9es pour les groupes microbes, poussins et comp\u00e9tition le 10 octobre, pour les autres le 25 novembre.<\/p>\n\n\n\n<p>Flyer 2025 2026 (Merci Patricia de Pyr\u00e9n\u00e9es Gestion) <a href=\"https:\/\/www.skiclubvallouron.com\/wp-content\/uploads\/2025\/08\/flyer-25-26.pdf\" data-type=\"link\" data-id=\"https:\/\/www.skiclubvallouron.com\/wp-content\/uploads\/2025\/08\/flyer-25-26.pdf\">en cliquant ici.<\/a><\/p>\n\n\n\n<p><mark style=\"background-color:rgba(0, 0, 0, 0)\" class=\"has-inline-color has-luminous-vivid-orange-color\"><strong>PRESENTATION COMPLETE&nbsp;DU CLUB ET REGLEMENT INTERIEUR bientot disponible<\/strong><\/mark><\/p>\n\n\n\n<p><strong><mark style=\"background-color:rgba(0, 0, 0, 0)\" class=\"has-inline-color has-luminous-vivid-orange-color\">NOUS RECHERCHONS DES PARTENAIRES<\/mark><\/strong><br>Nous avons besoin de vous tous pour proposer des cours le moins cher possible et pour proposer plus, plus de d\u00e9placements, plus de cours\u2026..<\/p>\n\n\n\n<ul class=\"wp-block-list\">\n<li>Vous \u00eates commer\u00e7ant, entrepreneurs\u2026\u2026 Faites un don ! Vous en connaissez dans votre entourage\u2026.. Allez les d\u00e9marcher avec la pr\u00e9sentation du club disponible (bient\u00f4t disponible).<\/li>\n\n\n\n<li>Vous \u00eates un particulier. Faites un don au club qui est reconnu d\u2019int\u00e9r\u00eat g\u00e9n\u00e9ral et qui peut vous d\u00e9livrer des re\u00e7us fiscaux donnant droit \u00e0 un cr\u00e9dit d\u2019imp\u00f4t de 66% de la somme vers\u00e9e..<\/li>\n<\/ul>\n\n\n\n<p><strong><mark style=\"background-color:rgba(0, 0, 0, 0)\" class=\"has-inline-color has-luminous-vivid-orange-color\">ASSURANCES&nbsp;(IMPORTANT)<\/mark><\/strong><\/p>\n\n\n\n<p class=\"has-text-align-left\">Le tarif inclut la licence Carte Neige de base (Responsabilit\u00e9 civile). V\u00e9rifiez ce que couvrent vos assu- rances et si vous souhaitez avoir une couverture plus importante (secours sur piste notamment), vous pouvez prendre le suppl\u00e9ment 16,50\u20ac. Il existe des couvertures suppl\u00e9mentaires, contactez nous ou regardez sur le site de la FFS. Attention un secours sur piste peut couter plusieurs centaines d&rsquo;euros. Attention certaines assurances personnelles couvrent les secours sur piste m\u00eame pour les jeunes des groupes comp\u00e9tition en entrainement mais pas durant la minute que dure la course&#8230;.<\/p>\n\n\n\n<p class=\"has-text-align-left\">Les parents, les amis peuvent acheter au club une assurance ski. Tarif adulte 68\u20ac. Carte neige famille 4 personnes ou plus 235\u20ac. <\/p>\n\n\n\n<p><strong><mark style=\"background-color:rgba(0, 0, 0, 0)\" class=\"has-inline-color has-luminous-vivid-orange-color\">FORFAIT REMONTEES MECANIQUES<\/mark><\/strong> <\/p>\n\n\n\n<ul class=\"wp-block-list\">\n<li>Gratuit pour les enfants n\u00e9s apr\u00e8s le 15 mars 2021<\/li>\n\n\n\n<li>Pour les jeunes du territoire de la Communaut\u00e9 de communes Aure louron, il y aura un forfait valable sur les 4 stations du territoire comme l&rsquo;an pass\u00e9<\/li>\n\n\n\n<li>Pour les jeunes ext\u00e9rieurs au territoire Aure Louron, forfait \u00e0 53,50\u20ac mais gratuit pour les poussins, les comp\u00e9titions ski, et pour les snowboarders comp\u00e9tition qui ont particip\u00e9 \u00e0 deux comp\u00e9titions l&rsquo;hiver dernier en dehors de celle de Val Louron. <\/li>\n\n\n\n<li>Pour les parents, forfait saison au tarif pr\u00e9f\u00e9rentiel de 191\u20ac en l&rsquo;achetant le 31 octobre au plus tard, ne pas m\u00e9langer cette somme avec celle des inscriptions enfants, paiement uniquement par virement ou ch\u00e8que (encaiss\u00e9 le 15\/11, \u00e0 donner le jour des inscriptions ou envoyer \u00e0 Ski Club Val Louron 1 chemin des sil\u00e8nes 65510 Loudenvielle). Les papis et amis peuvent acheter aupr\u00e8s de la station un forfait saison en pr\u00e9vente \u00e0 tarif r\u00e9duit. Infos au 0562999900.<\/li>\n<\/ul>\n\n\n\n<p><strong><mark style=\"background-color:rgba(0, 0, 0, 0)\" class=\"has-inline-color has-luminous-vivid-orange-color\">REDUCTIONS<\/mark><\/strong> Pass sport 70\u20ac. Si vous avez au moins 2 enfants inscrits, vous b\u00e9n\u00e9ficierez de 10\u20ac de r\u00e9duction par enfant. Ch\u00e8que vacances et coupons sport accept\u00e9s. News de dernier moment, le Cdos ferait une r\u00e9duction de 30\u20ac pour tout nouveau licenci\u00e9, plus d&rsquo;infos d&rsquo;ici peu.<\/p>\n\n\n\n<p><strong><mark style=\"background-color:rgba(0, 0, 0, 0)\" class=\"has-inline-color has-luminous-vivid-orange-color\">LES GROUPES<\/mark><\/strong><\/p>\n\n\n\n<p><strong><mark style=\"background-color:rgba(0, 0, 0, 0)\" class=\"has-inline-color has-luminous-vivid-orange-color\">PRE-CLUB<\/mark><\/strong><br>\u2022 Initiation pour les petits n\u00e9s en 2020 et en 2021 ou pour des plus grands qui d\u00e9butent, tarif 125\u20ac pour 14 s\u00e9ances m\u00e9daille de fin d&rsquo;ann\u00e9e incluse, 1h30 de cours par semaine au d\u00e9but pour les plus jeunes, puis 2h. 2h pour les plus grands, toujours \u00e0 11h.&nbsp;2 samedis en d\u00e9cembre, 4 samedis en f\u00e9vrier, 8 dimanches. Objectif ourson, flocon ou 1\u00e8re \u00e9toile !<br>\u2022 Perfectionnement normalement pour les enfants n\u00e9s en 2017, 2018, 2019, ourson au minimum, objectif 1\u00e8re, 2\u00e8me, 3\u00e8me \u00e9toile ou \u00e9toile de bronze. Cours de 10h30 \u00e0 13h, cours unique le samedi en d\u00e9cembre et pendant 4 samedis en f\u00e9vrier, cours samedi et dimanche le reste du temps. Tarif 220\u20ac pour 22 s\u00e9ances, m\u00e9daille de fin d&rsquo;ann\u00e9e incluse.<\/p>\n\n\n\n<p><br><strong><mark style=\"background-color:rgba(0, 0, 0, 0)\" class=\"has-inline-color has-luminous-vivid-orange-color\">FREERIDE<\/mark>&nbsp;<\/strong>Skieurs n\u00e9s en 2014 ou avant, de niveau confirm\u00e9. 2h30&nbsp;de cours par semaine. Sorties dans d&rsquo;autres stations et ski de randonn\u00e9e. Tarif 165\u20ac pour 14 s\u00e9ances.<\/p>\n\n\n\n<p><strong><mark style=\"background-color:rgba(0, 0, 0, 0)\" class=\"has-inline-color has-luminous-vivid-orange-color\">SNOWBOARD<\/mark><\/strong><br>\u2022 D\u00e9butant \u00e0 partir de 2019 : 14 cours le dimanche hors vacances, le samedi pendant les vacances. Tarif 160\u20ac m\u00e9daille incluse.<br>\u2022 Groupes Progression : cours unique le samedi en d\u00e9cembre et pendant 4 samedis en f\u00e9vrier, cours samedi et dimanche le reste du temps. Tarif 220\u20ac<br>\u2022 Comp\u00e9tition, cours samedi dimanche et vacances. Tarif 270\u20ac<\/p>\n\n\n\n<p><mark style=\"background-color:rgba(0, 0, 0, 0)\" class=\"has-inline-color has-luminous-vivid-orange-color\"><br><strong>MICROBES U8 U10<\/strong><\/mark> Jeunes n\u00e9s en 2016 et les 2017, 2018 qui le souhaitent, 278,50\u20ac, cours mercredi et we. Stages pendant les vacances de no\u00ebl et de f\u00e9vrier. Les jeunes n\u00e9s en 2016 qui veulent faire du ski et qui ont au minimum la 2\u00e8me \u00e9toile sont obligatoirement dans ce groupe.<\/p>\n\n\n\n<p><br><strong><mark style=\"background-color:rgba(0, 0, 0, 0)\" class=\"has-inline-color has-luminous-vivid-orange-color\">POUSSIN ET COMPETITION<\/mark><\/strong> Les jeunes n\u00e9s en 2015 qui veulent faire du ski sont obligatoirement dans le groupe poussins. 332\u20ac.<\/p>\n\n\n\n<p><strong><mark style=\"background-color:rgba(0, 0, 0, 0)\" class=\"has-inline-color has-luminous-vivid-orange-color\">MODALITES D\u2019INSCRIPTIONS<\/mark><\/strong><\/p>\n\n\n\n<p><strong>Dans le dossier il faut<\/strong> :<\/p>\n\n\n\n<ul class=\"wp-block-list\">\n<li>la <strong>fiche inscription <\/strong>au format word <a href=\"https:\/\/www.skiclubvallouron.com\/wp-content\/uploads\/2025\/09\/Fiche-Inscription-2025-2026-1.doc\">en cliquant ici,<\/a> au format pdf <a href=\"https:\/\/www.skiclubvallouron.com\/wp-content\/uploads\/2025\/09\/Fiche-inscription-2025-2026-4.pdf\">en cliquant ici.<\/a><\/li>\n\n\n\n<li>la fiche ffs \u00e0 signer jointe \u00e0 la fiche d&rsquo;inscription apr\u00e8s avoir lu le document assurance disponible<a href=\"https:\/\/www.skiclubvallouron.com\/wp-content\/uploads\/2025\/09\/Infos-generales-assurances-2025-2026.pdf\"> en cliquant ici.<\/a><\/li>\n\n\n\n<li><strong>photo d&rsquo;identit\u00e9<\/strong> pour les nouveaux (envoi possible par mail skiclubvallouron@orange.fr)<\/li>\n\n\n\n<li><strong>paiement<\/strong> par ch\u00e8ques (possible de faire 2 ou 3 ch\u00e8ques dont l&rsquo;encaissement sera echelonn\u00e9 5 d\u00e9cembre, 5 f\u00e9vrier, 5 avril) ou virement bancaire avec l\u2019int\u00e9gralit\u00e9 IBAN : FR76 1780 7000 1505 1198 3503 097<\/li>\n<\/ul>\n\n\n\n\n\n\n\n\n\n<figure class=\"wp-block-gallery has-nested-images columns-default is-cropped wp-block-gallery-1 is-layout-flex wp-block-gallery-is-layout-flex\"><\/figure>\n\n\n\n<p><strong>Comment transmettre le dossier ?<\/strong><br><em>Possibilit\u00e9 1 : par mail<\/em> : skiclubvallouron@orange.fr<\/p>\n\n\n\n<p><em>Possibilit\u00e9 2&nbsp;: Par courrier. <\/em><\/p>\n\n\n\n<ul class=\"wp-block-list\">\n<li>Pr\u00e9 Club Freeride : Myriam Soubie 11 rue de l&rsquo;\u00e9cole 65240 Adervielle<\/li>\n\n\n\n<li>Snowboard : Claire Ruscassie 2 rue des al\u00e9as 65250 La Barthe de Neste<\/li>\n\n\n\n<li>Microbes Poussins Comp\u00e9tition : Michel Castillon 1 chemin des sil\u00e8nes 65510 Loudenvielle<\/li>\n<\/ul>\n\n\n\n<p><em>Possibilit\u00e9 3 : participez aux journ\u00e9es d&rsquo;inscriptions <\/em><\/p>\n\n\n\n<ul class=\"wp-block-list\">\n<li>Arreau vendredi 10 octobre de 17h\/19h salle du Terminus.<\/li>\n\n\n\n<li>H\u00e8ches mardi 11 novembre de 14h\/18h Mairie<\/li>\n\n\n\n<li>G\u00e9nos Loudenvielle dimanche 16 novembre 10h\/14h salle Valgora en m\u00eame temps que le troc de mat\u00e9riel de montagne organis\u00e9 par l&rsquo;association Transpyros.<\/li>\n<\/ul>\n\n\n\n<p><mark style=\"background-color:rgba(0, 0, 0, 0)\" class=\"has-inline-color has-luminous-vivid-orange-color\"><strong>MATERIEL<\/strong><\/mark> Nous vous proposons une location saison skis et chaussures pour les jeunes des groupes ski initiation et perfectionnement de 4 \u00e0 8 ans au super prix de 20\u20ac ! Vous pouvez aussi louer du mat\u00e9riel Pr\u00e9 club chez notre partenaire Louron Sport \u00e0 Val Louron.<\/p>\n\n\n\n<p><br><strong><mark style=\"background-color:rgba(0, 0, 0, 0)\" class=\"has-inline-color has-luminous-vivid-orange-color\">SKI DE RANDO<\/mark> :<\/strong> Le club propose des sorties encadr\u00e9es par nos moniteurs FFS&nbsp; diplom\u00e9s de novembre \u00e0 mai. Le programme des sorties sera disponible d&rsquo;ici peu. Il y a quasiment une sortie propos\u00e9e chaque we. Il y a des sorties initiation en station pour d\u00e9couvrir l&rsquo;activit\u00e9, v\u00e9rifier votre niveau de ski en descente. Il y a des sorties initiation en montagne&nbsp;et des sorties pour le niveau au dessus. Le club pr\u00eate le mat\u00e9riel de s\u00e9curit\u00e9, les skis chaussures peaux. Paiement 57\u20ac par ch\u00e8que (\u00e0 envoyer \u00e0 Ski Club Val louron 1 chemin des sil\u00e8nes 65510 Loudenvielle) ou par virement&nbsp;(IBAN : FR76 1780 7000 1505 1198 3503 097).&nbsp; Possibilit\u00e9 de rajouter 16,50\u20ac pour b\u00e9n\u00e9ficier de l&rsquo;assurance secours sur piste. Il faut signer le document FFS (non encore dispo) et le renvoyer par courrier ou mail skiclubvallouron@orange.fr ou venir lors de nos s\u00e9ances d&rsquo;inscriptions. Nous proposons \u00e9galement des s\u00e9ances de d\u00e9couverte pour les jeunes des groupes freeride, comp\u00e9titions.<\/p>\n\n\n\n\n\n<p><\/p>\n\n\n\n<figure class=\"wp-block-gallery has-nested-images columns-default is-cropped wp-block-gallery-2 is-layout-flex wp-block-gallery-is-layout-flex\"><\/figure>\n\n\n\n<p><\/p>\n","protected":false},"excerpt":{"rendered":"<p>Les inscriptions 2025 2026 seront&nbsp;cl\u00f4tur\u00e9es pour les groupes microbes, poussins et comp\u00e9tition le 10 octobre, pour les autres le 25 novembre. Flyer 2025 2026 (Merci Patricia de Pyr\u00e9n\u00e9es Gestion) en cliquant ici. PRESENTATION COMPLETE&nbsp;DU CLUB ET REGLEMENT INTERIEUR bientot disponible NOUS RECHERCHONS DES PARTENAIRESNous avons besoin de vous tous pour proposer des cours le moins cher possible et pour proposer plus, plus de d\u00e9placements, plus de cours\u2026.. ASSURANCES&nbsp;(IMPORTANT) Le tarif inclut la licence Carte Neige de base (Responsabilit\u00e9 civile). V\u00e9rifiez ce que couvrent vos assu- rances et si vous souhaitez avoir une couverture plus importante (secours sur piste notamment), vous pouvez prendre le suppl\u00e9ment 16,50\u20ac. Il existe des couvertures suppl\u00e9mentaires, contactez nous ou regardez sur le site de la FFS. Attention un secours sur piste peut couter plusieurs centaines d&rsquo;euros. Attention certaines assurances personnelles couvrent les secours sur piste m\u00eame pour les jeunes des groupes comp\u00e9tition en entrainement mais pas durant la minute que dure la course&#8230;. Les parents, les amis peuvent acheter au club une assurance ski. Tarif adulte 68\u20ac. Carte neige famille 4 personnes ou plus 235\u20ac. FORFAIT REMONTEES MECANIQUES REDUCTIONS Pass sport 70\u20ac. Si vous avez au moins 2 enfants inscrits, vous b\u00e9n\u00e9ficierez de 10\u20ac de r\u00e9duction par enfant. Ch\u00e8que vacances et coupons sport accept\u00e9s. News de dernier moment, le Cdos ferait une r\u00e9duction de 30\u20ac pour tout nouveau licenci\u00e9, plus d&rsquo;infos d&rsquo;ici peu. LES GROUPES PRE-CLUB\u2022 Initiation pour les petits n\u00e9s en 2020 et en 2021 ou pour des plus grands qui d\u00e9butent, tarif 125\u20ac pour 14 s\u00e9ances m\u00e9daille de fin d&rsquo;ann\u00e9e incluse, 1h30 de cours par semaine au d\u00e9but pour les plus jeunes, puis 2h. 2h pour les plus grands, toujours \u00e0 11h.&nbsp;2 samedis en d\u00e9cembre, 4 samedis en f\u00e9vrier, 8 dimanches. Objectif ourson, flocon ou 1\u00e8re \u00e9toile !\u2022 Perfectionnement normalement pour les enfants n\u00e9s en 2017, 2018, 2019, ourson au minimum, objectif 1\u00e8re, 2\u00e8me, 3\u00e8me \u00e9toile ou \u00e9toile de bronze. Cours de 10h30 \u00e0 13h, cours unique le samedi en d\u00e9cembre et pendant 4 samedis en f\u00e9vrier, cours samedi et dimanche le reste du temps. Tarif 220\u20ac pour 22 s\u00e9ances, m\u00e9daille de fin d&rsquo;ann\u00e9e incluse. FREERIDE&nbsp;Skieurs n\u00e9s en 2014 ou avant, de niveau confirm\u00e9. 2h30&nbsp;de cours par semaine. Sorties dans d&rsquo;autres stations et ski de randonn\u00e9e. Tarif 165\u20ac pour 14 s\u00e9ances. SNOWBOARD\u2022 D\u00e9butant \u00e0 partir de 2019 : 14 cours le dimanche hors vacances, le samedi pendant les vacances. Tarif 160\u20ac m\u00e9daille incluse.\u2022 Groupes Progression : cours unique le samedi en d\u00e9cembre et pendant 4 samedis en f\u00e9vrier, cours samedi et dimanche le reste du temps. Tarif 220\u20ac\u2022 Comp\u00e9tition, cours samedi dimanche et vacances. Tarif 270\u20ac MICROBES U8 U10 Jeunes n\u00e9s en 2016 et les 2017, 2018 qui le souhaitent, 278,50\u20ac, cours mercredi et we. Stages pendant les vacances de no\u00ebl et de f\u00e9vrier. Les jeunes n\u00e9s en 2016 qui veulent faire du ski et qui ont au minimum la 2\u00e8me \u00e9toile sont obligatoirement dans ce groupe. POUSSIN ET COMPETITION Les jeunes n\u00e9s en 2015 qui veulent faire du ski sont obligatoirement dans le groupe poussins. 332\u20ac. MODALITES D\u2019INSCRIPTIONS Dans le dossier il faut : Comment transmettre le dossier ?Possibilit\u00e9 1 : par mail : skiclubvallouron@orange.fr Possibilit\u00e9 2&nbsp;: Par courrier. Possibilit\u00e9 3 : participez aux journ\u00e9es d&rsquo;inscriptions MATERIEL Nous vous proposons une location saison skis et chaussures pour les jeunes des groupes ski initiation et perfectionnement de 4 \u00e0 8 ans au super prix de 20\u20ac ! Vous pouvez aussi louer du mat\u00e9riel Pr\u00e9 club chez notre partenaire Louron Sport \u00e0 Val Louron. SKI DE RANDO : Le club propose des sorties encadr\u00e9es par nos moniteurs FFS&nbsp; diplom\u00e9s de novembre \u00e0 mai. Le programme des sorties sera disponible d&rsquo;ici peu. Il y a quasiment une sortie propos\u00e9e chaque we. Il y a des sorties initiation en station pour d\u00e9couvrir l&rsquo;activit\u00e9, v\u00e9rifier votre niveau de ski en descente. Il y a des sorties initiation en montagne&nbsp;et des sorties pour le niveau au dessus. Le club pr\u00eate le mat\u00e9riel de s\u00e9curit\u00e9, les skis chaussures peaux. Paiement 57\u20ac par ch\u00e8que (\u00e0 envoyer \u00e0 Ski Club Val louron 1 chemin des sil\u00e8nes 65510 Loudenvielle) ou par virement&nbsp;(IBAN : FR76 1780 7000 1505 1198 3503 097).&nbsp; Possibilit\u00e9 de rajouter 16,50\u20ac pour b\u00e9n\u00e9ficier de l&rsquo;assurance secours sur piste. Il faut signer le document FFS (non encore dispo) et le renvoyer par courrier ou mail skiclubvallouron@orange.fr ou venir lors de nos s\u00e9ances d&rsquo;inscriptions. Nous proposons \u00e9galement des s\u00e9ances de d\u00e9couverte pour les jeunes des groupes freeride, comp\u00e9titions.<\/p>\n","protected":false},"author":1,"featured_media":0,"parent":0,"menu_order":0,"comment_status":"closed","ping_status":"closed","template":"","meta":{"footnotes":""},"class_list":["post-40","page","type-page","status-publish","hentry"],"_links":{"self":[{"href":"https:\/\/www.skiclubvallouron.com\/index.php?rest_route=\/wp\/v2\/pages\/40","targetHints":{"allow":["GET"]}}],"collection":[{"href":"https:\/\/www.skiclubvallouron.com\/index.php?rest_route=\/wp\/v2\/pages"}],"about":[{"href":"https:\/\/www.skiclubvallouron.com\/index.php?rest_route=\/wp\/v2\/types\/page"}],"author":[{"embeddable":true,"href":"https:\/\/www.skiclubvallouron.com\/index.php?rest_route=\/wp\/v2\/users\/1"}],"replies":[{"embeddable":true,"href":"https:\/\/www.skiclubvallouron.com\/index.php?rest_route=%2Fwp%2Fv2%2Fcomments&post=40"}],"version-history":[{"count":0,"href":"https:\/\/www.skiclubvallouron.com\/index.php?rest_route=\/wp\/v2\/pages\/40\/revisions"}],"wp:attachment":[{"href":"https:\/\/www.skiclubvallouron.com\/index.php?rest_route=%2Fwp%2Fv2%2Fmedia&parent=40"}],"curies":[{"name":"wp","href":"https:\/\/api.w.org\/{rel}","templated":true}]}}