{"id":2,"date":"2024-12-24T00:43:34","date_gmt":"2024-12-23T23:43:34","guid":{"rendered":"https:\/\/www2.skiclubvallouron.com\/?page_id=2"},"modified":"2025-08-29T20:07:27","modified_gmt":"2025-08-29T18:07:27","slug":"page-d-exemple","status":"publish","type":"page","link":"https:\/\/www.skiclubvallouron.com\/?page_id=2","title":{"rendered":"Freeride"},"content":{"rendered":"<div class=\"shortcode1-2\"><div class='gdl-image-frame shortcode-image-' style='max-width: 100%; float: ; width: 440px; height: 170px; '><a href='https:\/\/www.skiclubvallouron.com\/wp-content\/uploads\/2025\/08\/26-940x360-1.jpg' data-rel='prettyPhoto'  title='' ><img src='https:\/\/www.skiclubvallouron.com\/wp-content\/uploads\/2025\/08\/26-940x360-1.jpg' style='width:440px; height:170px;' alt='' \/><\/a><\/div>\n<\/div>\n\n\n\n<p><div class=\"shortcode-dropcap \" style=\"color:#555555; background-color:;\">T<\/div>u es skieur de niveau confirm\u00e9 et tu veux continuer \u00e0 progresser en toute neige et tout terrain. Tu es en 6\u00e8me ou plus. Tu auras 2h30 de cours par semaine \u00e0 10h30. 14 s\u00e9ances.<div class=\"shortcode-block-quote-center\" style=\"color:#999999\">La poudre l\u00e9gendaire de Val Louron t'attend.<\/div><\/p>\n","protected":false},"excerpt":{"rendered":"<p>u es skieur de niveau confirm\u00e9 et tu veux continuer \u00e0 progresser en toute neige et tout terrain. Tu es en 6\u00e8me ou plus. Tu auras 2h30 de cours par semaine \u00e0 10h30. 14 s\u00e9ances.<\/p>\n","protected":false},"author":1,"featured_media":0,"parent":0,"menu_order":0,"comment_status":"closed","ping_status":"closed","template":"","meta":{"footnotes":""},"class_list":["post-2","page","type-page","status-publish","hentry"],"_links":{"self":[{"href":"https:\/\/www.skiclubvallouron.com\/index.php?rest_route=\/wp\/v2\/pages\/2","targetHints":{"allow":["GET"]}}],"collection":[{"href":"https:\/\/www.skiclubvallouron.com\/index.php?rest_route=\/wp\/v2\/pages"}],"about":[{"href":"https:\/\/www.skiclubvallouron.com\/index.php?rest_route=\/wp\/v2\/types\/page"}],"author":[{"embeddable":true,"href":"https:\/\/www.skiclubvallouron.com\/index.php?rest_route=\/wp\/v2\/users\/1"}],"replies":[{"embeddable":true,"href":"https:\/\/www.skiclubvallouron.com\/index.php?rest_route=%2Fwp%2Fv2%2Fcomments&post=2"}],"version-history":[{"count":0,"href":"https:\/\/www.skiclubvallouron.com\/index.php?rest_route=\/wp\/v2\/pages\/2\/revisions"}],"wp:attachment":[{"href":"https:\/\/www.skiclubvallouron.com\/index.php?rest_route=%2Fwp%2Fv2%2Fmedia&parent=2"}],"curies":[{"name":"wp","href":"https:\/\/api.w.org\/{rel}","templated":true}]}}