{"id":183,"date":"2025-08-29T00:34:15","date_gmt":"2025-08-28T22:34:15","guid":{"rendered":"https:\/\/www2.skiclubvallouron.com\/?page_id=183"},"modified":"2025-08-29T20:04:48","modified_gmt":"2025-08-29T18:04:48","slug":"snowboard-2","status":"publish","type":"page","link":"https:\/\/www.skiclubvallouron.com\/?page_id=183","title":{"rendered":"Snowboard"},"content":{"rendered":"<div class=\"shortcode1-2\"><div class='gdl-image-frame shortcode-image-' style='max-width: 100%; float: ; width: 440px; height: 170px; '><a href='https:\/\/www.skiclubvallouron.com\/wp-content\/uploads\/2025\/08\/14.jpg' data-rel='prettyPhoto'  title='' ><img src='https:\/\/www.skiclubvallouron.com\/wp-content\/uploads\/2025\/08\/14.jpg' style='width:440px; height:170px;' alt='' \/><\/a><\/div>\n<\/div>\n\n\n\n<p><div class=\"shortcode-dropcap \" style=\"color:#555555; background-color:;\">N <\/div>ous accueillons les snowboarders d\u00e8s le CE2. Tu es d\u00e9butant ou dans le groupe Interm\u00e9diaire 1, tu auras un cours par semaine. Tu es dans le groupe Interm\u00e9diaire 2, tu auras un cours par semaine et des stages pendant les vacances. Les cours sont le dimanche hors vacances, le samedi pendant les vacances. 14 s\u00e9ances.&nbsp;Tu es dans le groupe Confirm\u00e9, tu auras plus de cours : 2 cours les week-ends et des stages pendant les vacances ; tu pourras participer \u00e0 des comp\u00e9titions. <div class=\"shortcode-block-quote-center\" style=\"color:#999999\">Snowboard. De l'initiation \u00e0 la comp\u00e9tition.<\/div><\/p>\n","protected":false},"excerpt":{"rendered":"<p>ous accueillons les snowboarders d\u00e8s le CE2. Tu es d\u00e9butant ou dans le groupe Interm\u00e9diaire 1, tu auras un cours par semaine. Tu es dans le groupe Interm\u00e9diaire 2, tu auras un cours par semaine et des stages pendant les vacances. Les cours sont le dimanche hors vacances, le samedi pendant les vacances. 14 s\u00e9ances.&nbsp;Tu es dans le groupe Confirm\u00e9, tu auras plus de cours : 2 cours les week-ends et des stages pendant les vacances ; tu pourras participer \u00e0 des comp\u00e9titions.<\/p>\n","protected":false},"author":1,"featured_media":0,"parent":0,"menu_order":0,"comment_status":"closed","ping_status":"closed","template":"","meta":{"footnotes":""},"class_list":["post-183","page","type-page","status-publish","hentry"],"_links":{"self":[{"href":"https:\/\/www.skiclubvallouron.com\/index.php?rest_route=\/wp\/v2\/pages\/183","targetHints":{"allow":["GET"]}}],"collection":[{"href":"https:\/\/www.skiclubvallouron.com\/index.php?rest_route=\/wp\/v2\/pages"}],"about":[{"href":"https:\/\/www.skiclubvallouron.com\/index.php?rest_route=\/wp\/v2\/types\/page"}],"author":[{"embeddable":true,"href":"https:\/\/www.skiclubvallouron.com\/index.php?rest_route=\/wp\/v2\/users\/1"}],"replies":[{"embeddable":true,"href":"https:\/\/www.skiclubvallouron.com\/index.php?rest_route=%2Fwp%2Fv2%2Fcomments&post=183"}],"version-history":[{"count":0,"href":"https:\/\/www.skiclubvallouron.com\/index.php?rest_route=\/wp\/v2\/pages\/183\/revisions"}],"wp:attachment":[{"href":"https:\/\/www.skiclubvallouron.com\/index.php?rest_route=%2Fwp%2Fv2%2Fmedia&parent=183"}],"curies":[{"name":"wp","href":"https:\/\/api.w.org\/{rel}","templated":true}]}}